{"id":152,"date":"2012-05-12T17:00:05","date_gmt":"2012-05-12T17:00:05","guid":{"rendered":"https:\/\/wizard.uek.krakow.pl\/~cwiklicm\/?page_id=152"},"modified":"2022-05-16T13:05:54","modified_gmt":"2022-05-16T13:05:54","slug":"publications","status":"publish","type":"page","link":"https:\/\/cwiklicki.uek.krakow.pl\/?page_id=152","title":{"rendered":"Publications"},"content":{"rendered":"<p><strong>Please note: shown only publications in English. <\/strong>(<a title=\"Publikacje\" href=\"https:\/\/wizard.uek.krakow.pl\/~cwiklicm\/?page_id=8\">view complete list <strong><span style=\"font-family: 'Calibri','sans-serif'; text-decoration: none;\">\u00bb<\/span><\/strong><\/a>)<\/p>\n<ul>\n<li>\u0106wiklicki, M., O'Riordan, L. (2022). Enablers and barriers in the transition to Circular Business Models: Investigating the critical success factors for the tipping and break-even point. In: Wojnarowska, M., \u0106wiklicki, M., Ingrao C. (Eds). Sustainable Products in the Circular Economy. Impact on Business and Society. Routledge.<\/li>\n<li>\u0106wiklicki, M. (2022). Resilience of the Circular Economy. In: Wojnarowska, M., \u0106wiklicki, M., Ingrao C. (Eds). Sustainable Products in the Circular Economy. Impact on Business and Society. Routledge.<br \/>\nWojnarowska, M., \u0106wiklicki, M., Ingrao C. (Eds) (2022). Sustainable Products in the Circular Economy. Impact on Business and Society. Routledge (<a href=\"https:\/\/www.routledge.com\/Sustainable-Products-in-the-Circular-Economy-Impact-on-Business-and-Society\/Wojnarowska-Cwiklicki-Ingrao\/p\/book\/9781032017013\">publisher site<\/a>)<\/li>\n<li>Canestrino, R., Magliocca, P., \u0106wiklicki, M. and Pawe\u0142ek, B. (2022), \"Toward the emergence of \u201chumane\u201d entrepreneurial ecosystems. Evidence from different cultural contexts\", Journal of Intellectual Capital, Vol. ahead-of-print No. ahead-of-print. https:\/\/doi.org\/10.1108\/JIC-07-2021-020<\/li>\n<li>\u0106wiklicki M. (2021) Kaizen. In: Idowu S., Schmidpeter R., Capaldi N., Zu L., Del Baldo M., Abreu R. (eds) Encyclopedia of Sustainable Management. Springer, Cham. https:\/\/doi.org\/10.1007\/978-3-030-02006-4_377-1<\/li>\n<li>\u0106wiklicki M. (2021) Balanced Scorecard. In: Idowu S., Schmidpeter R., Capaldi N., Zu L., Del Baldo M., Abreu R. (eds) Encyclopedia of Sustainable Management. Springer, Cham. https:\/\/doi.org\/10.1007\/978-3-030-02006-4_378-1<\/li>\n<li>\u0106wiklicki, M., Pawe\u0142ek, B. &amp; Pilch, K. (2021). Organisational Resource Capacity and ISO 9001 QMS Implementation in the Local Government. Evidence from Poland. <i>Public Organization Review,<\/i> 21(2), 205-219(2020). https:\/\/doi.org\/10.1007\/s11115-020-00485-2<\/li>\n<li>Herold, D.M., \u0106wiklicki, M., Pilch, K. and Mikl, J. (2021). The emergence and adoption of digitalization in the logistics and supply chain industry: an institutional perspective. <em>Journal of Enterprise Information Management<\/em>, Vol. 34 No. 6, pp. 1917-1938. https:\/\/doi.org\/10.1108\/JEIM-09-2020-0382<\/li>\n<li>Nowicki P., \u0106wiklicki M., Kafel P., Wojnarowska M. (2021). Credibility of certified environmental management systems: Results from focus group interviews. <em>Environmental Impact Assessment Review<\/em>, 88, https:\/\/doi.org\/10.1016\/j.eiar.2021.106556<\/li>\n<li>\u0106wiklicki, M., Pilch, K. Multiple case study design: the example of place marketing research. <i>Place Brand Public Dipl<\/i> <b>17, <\/b>50\u201362 (2021). https:\/\/doi.org\/10.1057\/s41254-020-00159-2<\/li>\n<li>\u0106wiklicki M. (2021) Balanced Scorecard. In: Idowu S., Schmidpeter R., Capaldi N., Zu L., Del Baldo M., Abreu R. (eds) Encyclopedia of Sustainable Management. Springer, Cham. https:\/\/doi.org\/10.1007\/978-3-030-02006-4_378-1<\/li>\n<li>Mikl, J., Herold, D.M., \u0106wiklicki, M. and Kummer, S. (2020), \"The impact of digital logistics start-ups on incumbent firms: a business model perspective\", The International Journal of Logistics Management, Vol. ahead-of-print No. ahead-of-print. https:\/\/doi.org\/10.1108\/IJLM-04-2020-0155<\/li>\n<li>Mikl, J., Herold, D.M., Pilch, K., \u0106wiklicki, M. and Kummer, S. (2020), \"Understanding disruptive technology transitions in the global logistics industry: the role of ecosystems\", Review of International Business and Strategy, Vol. ahead-of-print No. ahead-of-print. https:\/\/doi.org\/10.1108\/RIBS-07-2020-0078<\/li>\n<li>\u0106wiklicki, M., Wojnarowska, M. (2020). Circular Economy and Industry 4.0: One-Way or Two-way Relationships? <em>Inzinerine Ekonomika-Engineering Economics<\/em>, 31(4), pp. 387\u2013397 https:\/\/doi.org\/10.5755\/j01.ee.31.4.24565<\/li>\n<li>\u0106wiklicki, M., Klich, J., Chen, J., The adaptiveness of the healthcare system to the fourth industrial revolution: a preliminary analysis, <em>Futures<\/em> https:\/\/doi.org\/10.1016\/j.futures.2020.102602 (Available online 6 July 2020, In Press, Journal Pre-proof)<\/li>\n<li>Canestrino, R., \u0106wiklicki, M., Kafel, P., Wojnarowska, M. and Magliocca, P. (2020), \"The digitalization in EMAS-registered organizations: evidences from Italy and Poland\", <em>The TQM Journal<\/em>, Vol. 32 No. 4, pp. 673-695. https:\/\/doi.org\/10.1108\/TQM-12-2019-0301<\/li>\n<li>\u0106wiklicki, M., Schiavone F., Klich J., Pilch K. (2020), Antecedents of use of e-health services in Central Eastern Europe: a qualitative comparative analysis, <em>BMC Health Services Research<\/em>, 20 (171), https:\/\/doi.org\/10.1186\/s12913-020-5034-9<\/li>\n<li>\u0106wiklicki M., Pilch K. (2020), Multiple case study design: the example of place marketing research, <em>Place Branding and Public Diplomacy<\/em> https:\/\/doi.org\/10.1057\/s41254-020-00159-2 (online first: 5.2.2020)<\/li>\n<li>Canestrino R., \u0106wiklicki M., Magliocca P., Pawe\u0142ek P. (2020), Understanding social entrepreneurship: A cultural perspective in business research, <em>Journal of Business Research<\/em>, Volume 110, 132-143 https:\/\/doi.org\/10.1016\/j.jbusres.2020.01.006<\/li>\n<li>\u0106wiklicki M., Pilch K., \u017babi\u0144ski M. (2020), ISO 9001 Quality Management Systems in Local Government Institutions in Poland: Past, Present, and Future, <em>International Review of Administrative Sciences<\/em>, Vol. 86 (4) https:\/\/doi.org\/10.1177\/0020852318815280 <span class=\"publicationContentEpubDate dates\">First Published Online February 21, 2019<\/span>.<\/li>\n<li>Canestrino R., \u0106wiklicki M., Magliocca P. (2019<em>), Creating E-health Solutions: Looking Through Combined Lens of Social Innovation and Knowledge Ecosystems<\/em>, in: G. Schiuma, P. Demartini, M.-R. Yan (eds), <em>14th International Forum on Knowledge Asset Dynamics. Proceedings. Knowledge Ecosystems and Growth<\/em>. Matera: Arts of Business Institute, University of Basilicata, pp. 2214-2222.<\/li>\n<li>Canestrino R., \u0106wiklicki M., Di Nauta P., Magliocca P. (2018<em>), <\/em>Creating social value through entrepreneurship: the social business model of La Paranza, <em>Kybernetes<\/em>, Vol. 48 No. 10, pp. 2190-2216. https:\/\/doi.org\/10.1108\/K-03-2018-0135 (IF= 0,980).<\/li>\n<li>\u0106wiklicki M. (2019), Requirements for Scaling International Social Enterprises, \u201e<em>Entrepreneurial Business and Economics Review<\/em>\u201d Vol. 7, No. 1 45-60. https:\/\/doi.org\/10.15678\/EBER.2019.070103<\/li>\n<li>\u0106wiklicki M. (2018), Requirements of scaling international social enterprises, In: Wach, K., &amp; Maciejewski, M. (Eds.) (2018). <em>International Entrepreneurship as the Bridge between International Economics and International Business: Conference Proceedings of the 9th ENTRE Conference and 5<sup>th<\/sup> AIB-CEE Conference. <\/em>Krak\u00f3w: Cracow University of Economics, pp. 101-115 [<a href=\"https:\/\/pm.uek.krakow.pl\/article\/view\/1786\/pdf\">PDF<\/a>]<\/li>\n<li>\u0106wiklicki M., O\u2019Riordan L. (2018), Creating Value Via Sustainable Business Models and Reverse Innovation. In: Moratis L., Melissen F., Idowu S. (eds) Sustainable Business Models. CSR, Sustainability, Ethics &amp; Governance. Springer, Cham. <a href=\"https:\/\/doi.org\/10.1007\/978-3-319-73503-0_8\">https:\/\/doi.org\/10.1007\/978-3-319-73503-0_8<\/a><\/li>\n<li>\u0106wiklicki M., Urbaniak A., (2018), Methodological Rigour in Descriptions of Case-Study Research in Polish Academic Articles on Management, \"Przedsi\u0119biorczo\u015b\u0107 i Zarz\u0105dzanie\", t. XIX, z. 6, cz. B, ss. 165-177 [<a href=\"https:\/\/www.researchgate.net\/api\/literature\/privateDownload?publicationUid=2amAIdKuwintYY89n8kenYZIPx2OMKF9Y6DBkQz0JVw7bilDtvl3Uh6jWBQd0pHzRQ&amp;linkId=bQUUi2AozNT8VvQyUURDWPyrJ6cD485WNUwGTRiDfcxnMBERiQHwaYsqkR8IXTM7eT6xFyZo7uUS3CB_9qFHVA\">PDF<\/a>]<\/li>\n<li>\u0106wiklicki M., Jab\u0142o\u0144ski \u0141. Riccardo S., Dan Gavriletea M., (2018), The relationship between the economic development of nations and the adoption of green initiatives by companies: a statistical study on 105 countries, \"Quantity &amp; Quality\", <a href=\"https:\/\/doi.org\/10.1007\/s11135-018-0756-z\">https:\/\/doi.org\/10.1007\/s11135-018-0756-z<\/a> (IF=1,094).<\/li>\n<li>\u0106wiklicki M., Mazur S., (2018), The Origins and Trends in the Neo-Weberian Approach, in: S. Mazur, P. Kopyci\u0144ski (eds.), Public Policy and the Neo-Weberian State, pp. 7-23, Abingdon, Oxon; New York, NY:\u00a0Routlage. [<a href=\"https:\/\/www.routledge.com\/Public-Policy-and-the-Neo-Weberian-State\/Mazur-Kopycinski\/p\/book\/9781138732834\">Publisher site]<\/a><\/li>\n<li>\u0106wiklicki M., Urbaniak A., (2017), Dysfunctions of the Motivation System from the Perspective of Employees of the Local Government Units, \"International Journal of Contemporary Management\", vol. 16., no. 4, pp. 21\u201338 [<a href=\"https:\/\/www.researchgate.net\/profile\/Marek_Cwiklicki\/publication\/325795937_Dysfunctions_of_the_Motivation_System_from_the_Perspective_of_Employees_of_the_Local_Government_Units\/links\/5b24d1e70f7e9b0e374b3e8c\/Dysfunctions-of-the-Motivation-System-from-the-Perspective-of-Employees-of-the-Local-Government-Units.pdf?_sg%5B0%5D=nzbFjyhCe1b7AWb5LkEF0OrbRHxyf9A93u0NsTyZuF509h3DZ_gNbNo3gAeFkwESYRmdkK2oDPyPt4uTdNKy6g.MVa-OohgLTQgrgyxx3DrKa5qw7forhpa-_deGXXtSJOy9pZXrLNNDWMw_3eCSaOGloCBmXp_5Gt_17NQd4w2xg&amp;_sg%5B1%5D=Ld3eWFIAoZTrM0YKgtPnssQxadESOvMib9VthSIuAMM_Fkyo8mzRXoQZ655wmCy-k2Zf5l88fAKK5T0d9ympyFd2eTnvR5xwh5y0BofUyqNk.MVa-OohgLTQgrgyxx3DrKa5qw7forhpa-_deGXXtSJOy9pZXrLNNDWMw_3eCSaOGloCBmXp_5Gt_17NQd4w2xg&amp;_iepl=\">PDF<\/a>]<\/li>\n<li>\u0106wiklicki M., (2017), Public Entrepreneurship and Its Role in Public Value Creation, \"Problemy Zarz\u0105dzania\", vol. 15, nr 1 (65), cz. 1, pp. 86-96, DOI: 10.7172\/1644-9584.65.5 <a href=\"https:\/\/pz.wz.uw.edu.pl\/sites\/default\/files\/artykuly\/pz_2017_1_1_cwiklicki.pdf\">PDF<\/a><\/li>\n<li>\u0106wiklicki M. (2017), Applying Balanced Scorecard in Non-Governmental Organizations, In: Vojko Potocan, Mustafa C. \u00dcn\u011fan, Zlatko Nedelko (Eds), Handbook of Research on Managerial Solutions in Non-Profit Organizations (pp.134-155),\u00a0Hershey, PA: IGI Global. ISBN: 9781522507314. DOI: 10.4018\/978-1-5225-0731-4.ch007<\/li>\n<li>Bia\u0142ynicki-Birula P., \u0106wiklicki M., G\u0142owacki J., Klich J. (2016), The Conceptualisation of the Neo-Weberian State in the Literature, [in:] S. Mazur (ed.), The Neo-Weberian State : Towards a New Paradigm of Public Management, (ss. 27-56), Warsaw: Scholar. ISBN 978-83-7383-847-5.<\/li>\n<li>\u0106wiklicki M., Makie\u0142a W. (2016), The coherence of control and audit activities in quality management in clinical hospitals, \"Jagiellonian Journal of Management\" vol. 2, no. 2, pp. 73\u201384, doi: 10.4467\/2450114XJJM.16.006.5556. <a href=\"https:\/\/www.ejournals.eu\/pliki\/art\/7821\/\">PDF<\/a><\/li>\n<li>\u0106wiklicki M. (2016), Comparison of public value measurement frameworks, \u201cZarz\u0105dzanie Publiczne\u201d, nr 1 (35), pp. 20-31. DOI: 10.15678\/ZP.2016.35.1.02. ISSN 1898-3529 - <a href=\"https:\/\/cejsh.icm.edu.pl\/cejsh\/element\/bwmeta1.element.desklight-1567cdff-9143-420e-8364-bf883917ce9d\/c\/zp35-2.pdf\">DOWNLOAD<\/a><\/li>\n<li>\u0106wiklicki M., <a href=\"https:\/\/www.degruyter.com\/view\/j\/ngoe.2016.62.issue-1\/ngoe-2016-0006\/ngoe-2016-0006.xml\">Understanding Management Concepts through Development of their Tool Box: The case of total quality management<\/a>, \"Na\u0161e gospodarstvo\/Our economy\", Vol. 62, Iss. 1, (Mar 2016), pp. 56\u20136. DOI: 10.1515\/ngoe-2016-0006. ISSN 2385-8052 - <a href=\"https:\/\/www.degruyter.com\/dg\/viewarticle.fullcontentlink:pdfeventlink\/$002fj$002fngoe.2016.62.issue-1$002fngoe-2016-0006$002fngoe-2016-0006.pdf\/ngoe-2016-0006.pdf?t:ac=j$002fngoe.2016.62.issue-1$002fngoe-2016-0006$002fngoe-2016-0006.xml\">DOWNLOAD<\/a><\/li>\n<li>\u0106wiklicki M., Wodecka-Hyjek A., Factors for the development of entrepreneurship in the public sector, in: Management of entrepreneurship in a knowledge based economy. The issue of knowledge and intellectual capital management, (eds) M. Makowiec, T. Kusio, Cracow University of Economics, Cracow 2015, pp. 31-43. ISBN 978-83-941580-6-4<\/li>\n<li>\u0106wiklicki M., Towards neo-bureaucracy: bureaucracy in contemporary public management concepts, [in] New Public Governance in the Visegr\u00e1d Group (V4), R. Wiszniowski i K. Glinka (eds.), Wyd. Adam Marsza\u0142ek, Toru\u0144 2015, s. 15-26, ISBN 978-83-8019-306-2<\/li>\n<li>\u0106wiklicki M.,Understanding Management Concepts Throught Development of Their Tools: The Case of Total Quality Management, in: <a href=\"https:\/\/www.epf.um.si\/GCMRM-2015\/documents\/GCMRM_Proceedings_2015.pdf\" target=\"_blank\" rel=\"noopener noreferrer\">Proceedings of the 6th Global Conference on Management in Recovering Markets<\/a>, GCMRM 2015, eds. A. Kavkler, K. Logo\u017ear, University of Maribor, Faculty of Economics and Business, Maribor, pp. 171-179. ISBN: 978-961-6802-36-9.<\/li>\n<li>\u0106wiklicki M., Jab\u0142o\u0144ski \u0141., Economic Development and CSR Initiatives in National Economies, w: New Perspectives on Corporate Social Responsibility: Locating the Missing Link, eds. Linda O\u2019Riordan, Piotr Zmuda, Stefan Heinemann, Springer Gabler; 2015, pp. 147-168. ISBN 978-3-658-06793-9<\/li>\n<li>\u0106wiklicki M., The SMEs Limited Capabilities In Creating And Adopting Organisational Innovations. A Preliminary Study, \u201cStudia UBB Negotia\u201d, LVIX, 2, 2014,\u00a0 pp. 25-34. ISSN 1224-8738.<\/li>\n<li>\u0106wiklicki M., Golanko M., Role of management control from the perspective of New Public Management. Chapter 17, w: Knowledge-Economy-Society. Global and Regional Challenges of the 21th Century Economy, eds. P. Lula, B. Miku\u0142a, A. Jaki, Foundation of the Cracow University of Economics, Cracow 2013, pp. 221-234. ISBN 978-83-62511-77-8.<\/li>\n<li>\u0106wiklicki M., Enterprise Content Management as a Methodological Framework for Information Management in Organization, Chapter 8, in: Knowledge-Economy-Society. Transfer of Knowledge in the Contemporary Economy, eds. P. Lula, B. Miku\u0142a, A. Jaki, Foundation of the Cracow University of Economics, Cracow 2012, pp. 105-113.<\/li>\n<li>\u0106wiklicki M., Jab\u0142o\u0144ski M., Competences of Effective Self-Organising Teams. Prelimanry Empirical Study, In: Performance Management. Implementation In Business and Non-Profit Organisations, eds. J. Nesterak, B. Zi\u0119bicki, Cracow University of Economics Foundation, Cracow 2012, pp. 341-362.<\/li>\n<li>Tarnawska K., \u0106wiklicki M., Evaluation of the European Social Fund as a Measure to Support Social Innovation in the Public Sector, \u201cEconomics and Management\u201d, Vol. 17, No. 1, 2012, pp. 237-24.<\/li>\n<li>\u0106wiklicki M., Review of Frameworks for Measuring Public Value. Chapter 25. in: Knowledge\u2013Economy\u2013Society. Challenges of the Contemporary World, eds. R. Oczkowska and B. Miku\u0142a, Foundation of the Cracow University of Economics, Cracow 2011, pp. 383-396.<\/li>\n<li>\u0106wiklicki M., Balanced Scorecard \u2013 a multi-criteria performance measurment tool, in: Performance Management. Concepts and Methods, eds. J. Nesterak and B. Zi\u0119bicki, Cracow University of Economics Foundation, Cracow 2011, pp. 33-49.<\/li>\n<li>\u0106wiklicki M., Crisis \u2013 A Nutrient for Organizational Consulting, in: Management Consulting, The Central and Eastern European Perspective, eds. M. \u0106wiklicki and M. Jab\u0142o\u0144ski, Cracow University of Economics Foundation, Cracow 2011, pp. 126-133.<\/li>\n<li>\u0106wiklicki M., Obora H., Hoshin Kanri: Policy Management In Japanese Subsidiaries Based In Poland, \u201cBusiness, Management and Education\u201d, Vol. 9(2), pp. 216\u2013235, DOI: 10.3846\/bme.2011.15\u00a0 <a href=\"https:\/\/www.bme.vgtu.lt\/index.php\/bme\/article\/view\/bme.2011.15\/pdf\">PDF<\/a><\/li>\n<li>\u0106wiklicki M., The impact of Alfred Korzybski\u2019s work on management science, \u201cETC.: A Review of General Semantics\u201d, Volume 67, Number 2 April 2010, pp. 191-196.<\/li>\n<li>\u0106wiklicki M., TQM methods applied in the hoshin kanri management system, [in:] \u201cBusiness and Management 2010. Selected Papers of the 6th International Scientific Conference\u201d, Vol. II, May 13-14, 2010, Vilnius, Lithuania, ed. By R. Ginevi\u010dius, A.V. Rutkauskas, R. Po\u010ds, Vilnius Gediminas Technical University Public House \u201eTechnika\u201d, Vilnius, 2010, pp. 815-821. (ISSN 2029-4441, doi: 10 3846\/bm2010.108).<\/li>\n<li>\u0106wiklicki M., Obora H., Cycle-based Management: a case study of the hoshin kanri method, in: \u201eCyclicality, financial safety and business creativity as the chalanges of the modern world. Selected Aspects\u201d, eds. W. Wereda, S. Starnawska, Ed. University of Podlasie, Siedlce 2009, pp. 91-98. )<\/li>\n<li>\u0106wiklicki M., Language perspective for information system modelling, in: \u201cInformation Systems Architecture and Technology ISAT 2001. Proceedings of the 23rd International Scientific School\u201d, eds. A. Grzech, Z. Wilimowska, Oficyna wydawnicza Politechniki Wroc\u0142awskiej, Wroc\u0142aw 2001.<\/li>\n<\/ul>\n<p><strong>Book review:<\/strong><\/p>\n<ul>\n<li>\u0106wiklicki M., Book review: Infonomics for Distributed Business and Decision-Making Environments: Creating Information System Ecology, \u201cWsp\u00f3\u0142czesne Zarz\u0105dzanie\/ Contemporary Management Quarterly (CMQ)\u201d, nr 4, 2010, s. 167-168.<\/li>\n<\/ul>\n<p><strong>Working papers (unpublished):<\/strong><\/p>\n<ul>\n<li>\u0106wiklicki, Marek and Alcouffe, Alain (2013): <em><a href=\"https:\/\/mpra.ub.uni-muenchen.de\/48310\/\" target=\"_blank\" rel=\"noopener noreferrer\">The Dissemination of Management Innovations through Consultancy in the Postwar Period<\/a>.<\/em><\/li>\n<\/ul>\n<p><strong>You can access my papers on:<\/strong><\/p>\n<ul>\n<li style=\"list-style-type: none;\">\n<ul>\n<li style=\"text-align: left;\"><a href=\"https:\/\/www.researchgate.net\/profile\/Marek_Cwiklicki\">ResearchGate<\/a><\/li>\n<\/ul>\n<\/li>\n<\/ul>\n<ul>\n<li style=\"list-style-type: none;\">\n<ul>\n<li style=\"text-align: left;\">SSRN at: <a href=\"https:\/\/hq.ssrn.com\/GroupProcesses\/RedirectClick.cfm?partid=1575988&amp;corid=649&amp;runid=6895&amp;url=https:\/\/ssrn.com\/author=1575988\" target=\"_blank\" rel=\"noopener noreferrer\">https:\/\/ssrn.com\/author=1575988<\/a><\/li>\n<\/ul>\n<\/li>\n<\/ul>\n<ul>\n<li style=\"list-style-type: none;\">\n<ul>\n<li style=\"text-align: left;\"><a href=\"https:\/\/mpra.ub.uni-muenchen.de\/view\/people\/==0106wiklicki=3AMarek=3A=3A.html\" target=\"_blank\" rel=\"noopener noreferrer\">Munich Personal RePEc Archive <\/a><\/li>\n<\/ul>\n<\/li>\n<\/ul>\n<ul>\n<li style=\"text-align: left;\"><a href=\"https:\/\/uek-krakow.academia.edu\/Marek%C4%86wiklicki\">Academia.edu\u00a0<\/a><\/li>\n<\/ul>\n<p class=\"MsoNormal\">\u00a0(<a title=\"Publikacje\" href=\"https:\/\/wizard.uek.krakow.pl\/~cwiklicm\/?page_id=8\">view complete list of publications in Polish and English <strong><span style=\"font-family: 'Calibri','sans-serif'; text-decoration: none;\">\u00bb<\/span><\/strong><\/a>)<\/p>\n","protected":false},"excerpt":{"rendered":"<p>Please note: shown only publications in English. (view complete list \u00bb) \u0106wiklicki, M., O'Riordan, L. (2022). Enablers and barriers in the transition to Circular Business Models: Investigating the critical success factors for the tipping and break-even point. In: Wojnarowska, M., \u0106wiklicki, M., Ingrao C. (Eds). Sustainable Products in the Circular Economy. Impact on Business and <a href=\"https:\/\/cwiklicki.uek.krakow.pl\/?page_id=152\" class=\"more-link\">Czytaj dalej...<span class=\"screen-reader-text\"> \"Publications\"<\/span><\/a><\/p>\n","protected":false},"author":1,"featured_media":0,"parent":42,"menu_order":0,"comment_status":"closed","ping_status":"closed","template":"","meta":[],"_links":{"self":[{"href":"https:\/\/cwiklicki.uek.krakow.pl\/index.php?rest_route=\/wp\/v2\/pages\/152"}],"collection":[{"href":"https:\/\/cwiklicki.uek.krakow.pl\/index.php?rest_route=\/wp\/v2\/pages"}],"about":[{"href":"https:\/\/cwiklicki.uek.krakow.pl\/index.php?rest_route=\/wp\/v2\/types\/page"}],"author":[{"embeddable":true,"href":"https:\/\/cwiklicki.uek.krakow.pl\/index.php?rest_route=\/wp\/v2\/users\/1"}],"replies":[{"embeddable":true,"href":"https:\/\/cwiklicki.uek.krakow.pl\/index.php?rest_route=%2Fwp%2Fv2%2Fcomments&post=152"}],"version-history":[{"count":68,"href":"https:\/\/cwiklicki.uek.krakow.pl\/index.php?rest_route=\/wp\/v2\/pages\/152\/revisions"}],"predecessor-version":[{"id":738,"href":"https:\/\/cwiklicki.uek.krakow.pl\/index.php?rest_route=\/wp\/v2\/pages\/152\/revisions\/738"}],"up":[{"embeddable":true,"href":"https:\/\/cwiklicki.uek.krakow.pl\/index.php?rest_route=\/wp\/v2\/pages\/42"}],"wp:attachment":[{"href":"https:\/\/cwiklicki.uek.krakow.pl\/index.php?rest_route=%2Fwp%2Fv2%2Fmedia&parent=152"}],"curies":[{"name":"wp","href":"https:\/\/api.w.org\/{rel}","templated":true}]}}